
{"id":1483,"date":"2018-12-05T07:47:29","date_gmt":"2018-12-05T06:47:29","guid":{"rendered":"https:\/\/przedszkole49.edu.wroclaw.pl\/?page_id=1483"},"modified":"2026-02-27T11:53:20","modified_gmt":"2026-02-27T10:53:20","slug":"przetargi","status":"publish","type":"page","link":"https:\/\/przedszkole49.edu.wroclaw.pl\/index.php\/dokumenty\/przetargi\/","title":{"rendered":"Przetargi"},"content":{"rendered":"<div class=\"wpb-content-wrapper\"><p>[vc_row][vc_column][vc_column_text css=&#8221;&#8221;]<span style=\"font-size: 18pt\"><a href=\"https:\/\/przedszkole49.edu.wroclaw.pl\/wp-content\/uploads\/sites\/33\/2023\/01\/2023_BZP-00061783_01_P.pdf\">Plan udzielania zam\u00f3wie\u0144 publicznych na 2023 rok.<\/a><\/span><\/p>\n<p><span style=\"font-size: 18pt\"><a href=\"https:\/\/przedszkole49.edu.wroclaw.pl\/wp-content\/uploads\/sites\/33\/2024\/02\/plan-udzialania-zamowien-publicznych-na-2024-rok.pdf\">Plan udzielania zam\u00f3wie\u0144 publicznych na 2024 rok.<\/a><\/span><\/p>\n<p><span style=\"font-size: 18pt\"><a href=\"https:\/\/przedszkole49.edu.wroclaw.pl\/wp-content\/uploads\/sites\/33\/2025\/01\/plan-udzielania-zamowien-publicznych-na-2025-rok.pdf\">Plan udzielania zam\u00f3wie\u0144 publicznych na 2025 rok.<\/a><\/span><\/p>\n<p><span style=\"font-size: 18pt\"><a href=\"https:\/\/przedszkole49.edu.wroclaw.pl\/wp-content\/uploads\/sites\/33\/2026\/02\/plan-udzielania-zamowien-publicznych-na-2026-rok.pdf\">Plan udzielania zam\u00f3wie\u0144 publicznych na 2026 rok.<\/a><\/span>[\/vc_column_text][\/vc_column][\/vc_row]<\/p>\n<\/div>","protected":false},"excerpt":{"rendered":"<p>[vc_row][vc_column][vc_column_text css=&#8221;&#8221;]Plan udzielania zam\u00f3wie\u0144 publicznych na 2023 rok. Plan udzielania zam\u00f3wie\u0144 publicznych na 2024 rok. Plan udzielania zam\u00f3wie\u0144 publicznych na 2025 rok. Plan udzielania zam\u00f3wie\u0144 publicznych na 2026 rok.[\/vc_column_text][\/vc_column][\/vc_row]<\/p>\n","protected":false},"author":72,"featured_media":0,"parent":27,"menu_order":0,"comment_status":"closed","ping_status":"closed","template":"","meta":{"ngg_post_thumbnail":0,"footnotes":""},"class_list":["post-1483","page","type-page","status-publish","hentry","clearfix"],"_links":{"self":[{"href":"https:\/\/przedszkole49.edu.wroclaw.pl\/index.php\/wp-json\/wp\/v2\/pages\/1483","targetHints":{"allow":["GET"]}}],"collection":[{"href":"https:\/\/przedszkole49.edu.wroclaw.pl\/index.php\/wp-json\/wp\/v2\/pages"}],"about":[{"href":"https:\/\/przedszkole49.edu.wroclaw.pl\/index.php\/wp-json\/wp\/v2\/types\/page"}],"author":[{"embeddable":true,"href":"https:\/\/przedszkole49.edu.wroclaw.pl\/index.php\/wp-json\/wp\/v2\/users\/72"}],"replies":[{"embeddable":true,"href":"https:\/\/przedszkole49.edu.wroclaw.pl\/index.php\/wp-json\/wp\/v2\/comments?post=1483"}],"version-history":[{"count":21,"href":"https:\/\/przedszkole49.edu.wroclaw.pl\/index.php\/wp-json\/wp\/v2\/pages\/1483\/revisions"}],"predecessor-version":[{"id":10309,"href":"https:\/\/przedszkole49.edu.wroclaw.pl\/index.php\/wp-json\/wp\/v2\/pages\/1483\/revisions\/10309"}],"up":[{"embeddable":true,"href":"https:\/\/przedszkole49.edu.wroclaw.pl\/index.php\/wp-json\/wp\/v2\/pages\/27"}],"wp:attachment":[{"href":"https:\/\/przedszkole49.edu.wroclaw.pl\/index.php\/wp-json\/wp\/v2\/media?parent=1483"}],"curies":[{"name":"wp","href":"https:\/\/api.w.org\/{rel}","templated":true}]}}