
{"id":27,"date":"2017-10-05T12:00:44","date_gmt":"2017-10-05T10:00:44","guid":{"rendered":"https:\/\/przedszkole49.edu.wroclaw.pl\/?page_id=27"},"modified":"2026-03-26T13:53:18","modified_gmt":"2026-03-26T12:53:18","slug":"dokumenty","status":"publish","type":"page","link":"https:\/\/przedszkole49.edu.wroclaw.pl\/index.php\/dokumenty\/","title":{"rendered":"Dokumenty"},"content":{"rendered":"<div class=\"wpb-content-wrapper\"><p>[vc_row][vc_column][vc_column_text css=&#8221;&#8221;]<a href=\"https:\/\/przedszkole49.edu.wroclaw.pl\/wp-content\/uploads\/sites\/33\/2025\/08\/deklaracja-pobytu-dziecka-w-przedszkolu-2025-2026.pdf\"><span style=\"font-size: 24pt\">Deklaracja pobyty dziecka w przedszkolu<\/span><\/a><\/p>\n<p><a href=\"https:\/\/przedszkole49.edu.wroclaw.pl\/wp-content\/uploads\/sites\/33\/2025\/08\/karta-do-odbioru-dziecka-z-przedszkola.pdf\"><span style=\"font-size: 24pt\">Karta do odbioru dziecka z przedszkola<\/span><\/a><\/p>\n<p><a href=\"https:\/\/przedszkole49.edu.wroclaw.pl\/wp-content\/uploads\/sites\/33\/2026\/03\/zgoda-na-publikacje-wizerunku-dziecka.pdf\"><span style=\"font-size: 24pt\">Zgoda na publikacj\u0119 wizerunku dziecka na stronie internetowej<\/span><\/a><\/p>\n<p><a href=\"https:\/\/przedszkole49.edu.wroclaw.pl\/wp-content\/uploads\/sites\/33\/2025\/08\/zgoda-na-badania-logopedyczne.pdf\"><span style=\"font-size: 24pt\">Zgoda na badania logopedyczne<\/span><\/a><\/p>\n<p><a href=\"https:\/\/przedszkole49.edu.wroclaw.pl\/wp-content\/uploads\/sites\/33\/2025\/08\/zgoda-na-udzial-w-lekcjach-religii.pdf\"><span style=\"font-size: 24pt\">Zgoda na udzia\u0142 w lekcjach religii<\/span><\/a><\/p>\n<p><a href=\"https:\/\/przedszkole49.edu.wroclaw.pl\/wp-content\/uploads\/sites\/33\/2025\/08\/zgoda-na-pomoc-psychologiczno-pedagogiczna.pdf\"><span style=\"font-size: 24pt\">Zgoda na pomoc psychologiczno-pedagogiczn\u0105<\/span><\/a><\/p>\n<p><a href=\"https:\/\/przedszkole49.edu.wroclaw.pl\/wp-content\/uploads\/sites\/33\/2025\/08\/zgoda-na-zajecia-SI.pdf\"><span style=\"font-size: 24pt\">Zgoda na udzia\u0142 w zaj\u0119ciach SI<\/span><\/a><\/p>\n<hr \/>\n<p><a href=\"https:\/\/przedszkole49.edu.wroclaw.pl\/wp-content\/uploads\/sites\/33\/2024\/10\/Standardy-Ochrony-Maloletnich-v-1.0.pdf\"><span style=\"font-size: 24pt\">Standardy ochrony ma\u0142oletnich<\/span><\/a><\/p>\n<p><span style=\"font-size: 24pt\">Sprawozdanie finansowe jednostki zosta\u0142o opublikowane na stronie:<\/span> <span style=\"font-size: 24pt\"><a href=\"https:\/\/bip.cui.wroclaw.pl\">https:\/\/bip.cui.wroclaw.pl<\/a><\/span><\/p>\n<p><span style=\"font-size: 24pt\"><a href=\"https:\/\/przedszkole49.edu.wroclaw.pl\/wp-content\/uploads\/sites\/33\/2019\/07\/obowi\u0105zek-informacyjny.pdf\">Obowi\u0105zek informacyjny<\/a><\/span><\/p>\n<p><span style=\"font-size: 24pt\"><a href=\"https:\/\/przedszkole49.edu.wroclaw.pl\/wp-content\/uploads\/sites\/33\/2018\/10\/podstawa-programowa-wychowania-przedszkolnego.pdf\">Podstawa programowa wychowania przedszkolnego<\/a><\/span><\/p>\n<p><a href=\"https:\/\/przedszkole49.edu.wroclaw.pl\/wp-content\/uploads\/sites\/33\/2025\/03\/statut-przedszkola-19.12.2024.pdf\"><span style=\"font-size: 24pt\">Statut przedszkola (19.12.2024)<\/span><\/a><\/p>\n<p><a href=\"https:\/\/przedszkole49.edu.wroclaw.pl\/wp-content\/uploads\/sites\/33\/2024\/08\/regulamin-elektronicznej-ewidencji-czasu-pobytu-dziecka-w-przedszkolu.pdf\"><span style=\"font-size: 24pt\">Regulamin elektronicznej ewidencji czasu pobytu dziecka w przedszkolu<\/span><\/a><\/p>\n<p><a href=\"https:\/\/przedszkole49.edu.wroclaw.pl\/wp-content\/uploads\/sites\/33\/2026\/01\/raport-o-stanie-zapewniania-dostepnosci-podmiotu-publicznego.pdf\"><span style=\"font-size: 24pt\">O\u015bwiadczenie w sprawie dost\u0119pno\u015bci serwisu internetowego<\/span><\/a><\/p>\n<p><span style=\"font-size: 24pt\"><a href=\"https:\/\/przedszkole49.edu.wroclaw.pl\/wp-content\/uploads\/sites\/33\/2026\/01\/KSeF-wystawianie-faktur-dla-Przedszkola-nr-49-im.-Tysiaclecia-Miasta-Wroclawia.pdf\">KSeF &#8211; wystawianie faktur dla Przedszkola<\/a><\/span>[\/vc_column_text][\/vc_column][\/vc_row]<\/p>\n<\/div>","protected":false},"excerpt":{"rendered":"<p>[vc_row][vc_column][vc_column_text css=&#8221;&#8221;]Deklaracja pobyty dziecka w przedszkolu Karta do odbioru dziecka z przedszkola Zgoda na publikacj\u0119 wizerunku dziecka na stronie internetowej Zgoda na badania logopedyczne Zgoda na udzia\u0142 w lekcjach religii [&hellip;]<\/p>\n","protected":false},"author":72,"featured_media":0,"parent":0,"menu_order":0,"comment_status":"closed","ping_status":"closed","template":"","meta":{"ngg_post_thumbnail":0,"footnotes":""},"class_list":["post-27","page","type-page","status-publish","hentry","clearfix"],"_links":{"self":[{"href":"https:\/\/przedszkole49.edu.wroclaw.pl\/index.php\/wp-json\/wp\/v2\/pages\/27","targetHints":{"allow":["GET"]}}],"collection":[{"href":"https:\/\/przedszkole49.edu.wroclaw.pl\/index.php\/wp-json\/wp\/v2\/pages"}],"about":[{"href":"https:\/\/przedszkole49.edu.wroclaw.pl\/index.php\/wp-json\/wp\/v2\/types\/page"}],"author":[{"embeddable":true,"href":"https:\/\/przedszkole49.edu.wroclaw.pl\/index.php\/wp-json\/wp\/v2\/users\/72"}],"replies":[{"embeddable":true,"href":"https:\/\/przedszkole49.edu.wroclaw.pl\/index.php\/wp-json\/wp\/v2\/comments?post=27"}],"version-history":[{"count":47,"href":"https:\/\/przedszkole49.edu.wroclaw.pl\/index.php\/wp-json\/wp\/v2\/pages\/27\/revisions"}],"predecessor-version":[{"id":10398,"href":"https:\/\/przedszkole49.edu.wroclaw.pl\/index.php\/wp-json\/wp\/v2\/pages\/27\/revisions\/10398"}],"wp:attachment":[{"href":"https:\/\/przedszkole49.edu.wroclaw.pl\/index.php\/wp-json\/wp\/v2\/media?parent=27"}],"curies":[{"name":"wp","href":"https:\/\/api.w.org\/{rel}","templated":true}]}}