
{"id":31,"date":"2017-10-05T12:01:26","date_gmt":"2017-10-05T10:01:26","guid":{"rendered":"https:\/\/przedszkole49.edu.wroclaw.pl\/?page_id=31"},"modified":"2026-04-02T10:41:59","modified_gmt":"2026-04-02T08:41:59","slug":"grupa-1","status":"publish","type":"page","link":"https:\/\/przedszkole49.edu.wroclaw.pl\/index.php\/grupy\/grupa-1\/","title":{"rendered":"Grupa 1"},"content":{"rendered":"<div class=\"wpb-content-wrapper\"><p>[vc_row][vc_column][vc_column_text css_animation=&#8221;bounceInLeft&#8221; css=&#8221;&#8221;]<\/p>\n<p style=\"text-align: center\"><span style=\"color: #33cccc;font-size: 18pt\">Nauczyciele: Bo\u017cena Poteralska, Sybilla Micha\u0142ek<br \/>\n<\/span><\/p>\n<p>[\/vc_column_text][vc_column_text css_animation=&#8221;bounceInRight&#8221; css=&#8221;&#8221;]<\/p>\n<p style=\"text-align: center\"><span style=\"font-size: 18pt;color: #33cccc\">Obs\u0142uga techniczna: Daria Paleczna<br \/>\n<\/span><\/p>\n<p>[\/vc_column_text][\/vc_column][\/vc_row][vc_row][vc_column width=&#8221;1\/3&#8243;][\/vc_column][vc_column width=&#8221;1\/3&#8243;][vc_progress_bar values=&#8221;%5B%7B%22label%22%3A%22Dziewczynki%20-%208%22%2C%22value%22%3A%2250%22%2C%22color%22%3A%22custom%22%2C%22customcolor%22%3A%22%2320e589%22%7D%2C%7B%22label%22%3A%22Ch%C5%82opcy%20-%209%22%2C%22value%22%3A%2260%22%2C%22color%22%3A%22custom%22%2C%22customcolor%22%3A%22%231fe25a%22%7D%5D&#8221; css=&#8221;&#8221; title=&#8221;Jest nas &#8211; 17&#8243;][\/vc_column][vc_column width=&#8221;1\/3&#8243;][\/vc_column][\/vc_row][vc_row][vc_column][vc_empty_space][\/vc_column][\/vc_row][vc_row][vc_column][vc_empty_space][vc_zigzag color=&#8221;chino&#8221; el_border_width=&#8221;15&#8243;][vc_column_text css=&#8221;&#8221;]<\/p>\n<p style=\"text-align: center\"><span style=\"color: #ff0000\"><strong><span style=\"font-size: 36pt\">Tematy kompleksowe<\/span><\/strong><\/span><\/p>\n<p style=\"text-align: center\"><span style=\"font-size: 18pt\">Tematy kompleksowe realizowane w kwietniu:<\/span><\/p>\n<p style=\"text-align: center\"><strong><span style=\"font-size: 18pt\">Radosna Wielkanoc: <\/span><\/strong><span style=\"font-size: 18pt\">poznajemy zwyczaje Wielkanocne.<\/span><br \/>\n<strong><span style=\"font-size: 18pt\">W domu i w zagrodzie: <\/span><\/strong><span style=\"font-size: 18pt\">wzbogacamy wiedz\u0119 na temat zwierz\u0105t domowych i hodowlanych.<\/span><br \/>\n<strong><span style=\"font-size: 18pt\">Eko-stylem \u017cycia: <\/span><\/strong><span style=\"font-size: 18pt\">uczymy si\u0119 segregowania \u015bmieci.<\/span><br \/>\n<strong><span style=\"font-size: 18pt\">Stra\u017cnicy ksi\u0105\u017cek: <\/span><\/strong><span style=\"font-size: 18pt\">zapoznajemy si\u0119 z bohaterami ba\u015bni.<\/span><\/p>\n<p>[\/vc_column_text][\/vc_column][\/vc_row][vc_row][vc_column][vc_empty_space][vc_zigzag color=&#8221;chino&#8221; el_border_width=&#8221;15&#8243;][vc_column_text css=&#8221;&#8221;]<\/p>\n<p style=\"text-align: center\"><span style=\"color: #ff0000\"><strong><span style=\"font-size: 36pt\">Programy<\/span><\/strong><\/span><\/p>\n<p style=\"text-align: center\"><span style=\"font-size: 18pt\">Programy oraz projekty realizowane w grupie w roku szkolnym 2025\/2026:<\/span><\/p>\n<p style=\"text-align: center\"><span style=\"font-size: 18pt\"><strong>Program wychowania przedszkolnego:<\/strong> \u201eSamodzielnie, wszechstronnie, szcz\u0119\u015bliwie\u201d wydawnictwa Nowe Era.<\/span><\/p>\n<p style=\"text-align: center\"><span style=\"font-size: 18pt\"><strong>Projekty edukacyjne:<\/strong> \u201eEdukacja w Ruchu\u201d oraz \u201eDo przedszkola wpad\u0142y nutki&#8221; &#8211; projekt w\u0142asny.<\/span><\/p>\n<p>[\/vc_column_text][\/vc_column][\/vc_row][vc_row][vc_column][vc_zigzag color=&#8221;chino&#8221; el_border_width=&#8221;15&#8243;][vc_empty_space][vc_column_text]<\/p>\n<p style=\"text-align: center\"><span style=\"font-size: 24pt\">Drogi Rodzicu, je\u015bli chcia\u0142by\u015b porozmawia\u0107 o swoim dziecku z wychowawc\u0105, pami\u0119taj aby wcze\u015bniej uzgodni\u0107 dogodny termin spotkania. Nauczyciel ch\u0119tnie si\u0119 spotka i odpowie na wszelkie nurtuj\u0105ce pytania.<\/span><\/p>\n<p>[\/vc_column_text][\/vc_column][\/vc_row]<\/p>\n<\/div>","protected":false},"excerpt":{"rendered":"<p>[vc_row][vc_column][vc_column_text css_animation=&#8221;bounceInLeft&#8221; css=&#8221;&#8221;] Nauczyciele: Bo\u017cena Poteralska, Sybilla Micha\u0142ek [\/vc_column_text][vc_column_text css_animation=&#8221;bounceInRight&#8221; css=&#8221;&#8221;] Obs\u0142uga techniczna: Daria Paleczna [\/vc_column_text][\/vc_column][\/vc_row][vc_row][vc_column width=&#8221;1\/3&#8243;][\/vc_column][vc_column width=&#8221;1\/3&#8243;][vc_progress_bar values=&#8221;%5B%7B%22label%22%3A%22Dziewczynki%20-%208%22%2C%22value%22%3A%2250%22%2C%22color%22%3A%22custom%22%2C%22customcolor%22%3A%22%2320e589%22%7D%2C%7B%22label%22%3A%22Ch%C5%82opcy%20-%209%22%2C%22value%22%3A%2260%22%2C%22color%22%3A%22custom%22%2C%22customcolor%22%3A%22%231fe25a%22%7D%5D&#8221; css=&#8221;&#8221; title=&#8221;Jest nas &#8211; 17&#8243;][\/vc_column][vc_column width=&#8221;1\/3&#8243;][\/vc_column][\/vc_row][vc_row][vc_column][vc_empty_space][\/vc_column][\/vc_row][vc_row][vc_column][vc_empty_space][vc_zigzag color=&#8221;chino&#8221; el_border_width=&#8221;15&#8243;][vc_column_text css=&#8221;&#8221;] Tematy kompleksowe [&hellip;]<\/p>\n","protected":false},"author":72,"featured_media":0,"parent":29,"menu_order":0,"comment_status":"closed","ping_status":"closed","template":"","meta":{"ngg_post_thumbnail":0,"footnotes":""},"class_list":["post-31","page","type-page","status-publish","hentry","clearfix"],"_links":{"self":[{"href":"https:\/\/przedszkole49.edu.wroclaw.pl\/index.php\/wp-json\/wp\/v2\/pages\/31","targetHints":{"allow":["GET"]}}],"collection":[{"href":"https:\/\/przedszkole49.edu.wroclaw.pl\/index.php\/wp-json\/wp\/v2\/pages"}],"about":[{"href":"https:\/\/przedszkole49.edu.wroclaw.pl\/index.php\/wp-json\/wp\/v2\/types\/page"}],"author":[{"embeddable":true,"href":"https:\/\/przedszkole49.edu.wroclaw.pl\/index.php\/wp-json\/wp\/v2\/users\/72"}],"replies":[{"embeddable":true,"href":"https:\/\/przedszkole49.edu.wroclaw.pl\/index.php\/wp-json\/wp\/v2\/comments?post=31"}],"version-history":[{"count":275,"href":"https:\/\/przedszkole49.edu.wroclaw.pl\/index.php\/wp-json\/wp\/v2\/pages\/31\/revisions"}],"predecessor-version":[{"id":10411,"href":"https:\/\/przedszkole49.edu.wroclaw.pl\/index.php\/wp-json\/wp\/v2\/pages\/31\/revisions\/10411"}],"up":[{"embeddable":true,"href":"https:\/\/przedszkole49.edu.wroclaw.pl\/index.php\/wp-json\/wp\/v2\/pages\/29"}],"wp:attachment":[{"href":"https:\/\/przedszkole49.edu.wroclaw.pl\/index.php\/wp-json\/wp\/v2\/media?parent=31"}],"curies":[{"name":"wp","href":"https:\/\/api.w.org\/{rel}","templated":true}]}}