
{"id":33,"date":"2017-10-05T12:01:57","date_gmt":"2017-10-05T10:01:57","guid":{"rendered":"https:\/\/przedszkole49.edu.wroclaw.pl\/?page_id=33"},"modified":"2026-04-02T10:49:06","modified_gmt":"2026-04-02T08:49:06","slug":"grupa-2","status":"publish","type":"page","link":"https:\/\/przedszkole49.edu.wroclaw.pl\/index.php\/grupy\/grupa-2\/","title":{"rendered":"Grupa 2"},"content":{"rendered":"<div class=\"wpb-content-wrapper\"><p>[vc_row][vc_column][vc_column_text css_animation=&#8221;fadeInUp&#8221; css=&#8221;&#8221;]<\/p>\n<p style=\"text-align: center\"><span style=\"color: #ff00ff;font-size: 18pt\">Nauczyciele: Karolina Ziewiec-Kamieniecka, Anna Cebulska, Emil Rogalewicz<br \/>\n<\/span><\/p>\n<p>[\/vc_column_text][vc_column_text css_animation=&#8221;fadeIn&#8221;]<\/p>\n<p style=\"text-align: center\"><span style=\"color: #ff00ff;font-size: 18pt\">Pomoc nauczyciela: Karolina \u017bak<\/span><\/p>\n<p>[\/vc_column_text][vc_column_text css_animation=&#8221;fadeInDown&#8221; css=&#8221;&#8221;]<\/p>\n<p style=\"text-align: center\"><span style=\"color: #ff00ff;font-size: 18pt\">Obs\u0142uga techniczna: Joanna Chmura<br \/>\n<\/span><\/p>\n<p>[\/vc_column_text][\/vc_column][\/vc_row][vc_row][vc_column width=&#8221;1\/3&#8243;][\/vc_column][vc_column width=&#8221;1\/3&#8243;][vc_progress_bar values=&#8221;%5B%7B%22label%22%3A%22Dziewczynek%20%E2%80%93%2010%22%2C%22value%22%3A%2270%22%2C%22color%22%3A%22custom%22%2C%22customcolor%22%3A%22%23ff6dda%22%7D%2C%7B%22label%22%3A%22Ch%C5%82opc%C3%B3w%20%E2%80%93%205%22%2C%22value%22%3A%2230%22%2C%22color%22%3A%22custom%22%2C%22customcolor%22%3A%22%23ff6dda%22%7D%5D&#8221; css=&#8221;&#8221; title=&#8221;Jest nas \u2013 15&#8243;][\/vc_column][vc_column width=&#8221;1\/3&#8243;][\/vc_column][\/vc_row][vc_row][vc_column][vc_empty_space][\/vc_column][\/vc_row][vc_row][vc_column][vc_empty_space][vc_zigzag color=&#8221;chino&#8221; el_border_width=&#8221;15&#8243;][vc_column_text css=&#8221;&#8221;]<\/p>\n<p style=\"text-align: center\"><span style=\"color: #ff0000\"><strong><span style=\"font-size: 36pt\">Kalendarz<\/span><\/strong><\/span><\/p>\n<p><img loading=\"lazy\" decoding=\"async\" class=\"size-full wp-image-10407 aligncenter\" src=\"https:\/\/przedszkole49.edu.wroclaw.pl\/wp-content\/uploads\/sites\/33\/2026\/04\/kalendarz-kwiecien-2026.jpg\" alt=\"\" width=\"640\" height=\"486\" \/>[\/vc_column_text][\/vc_column][\/vc_row][vc_row][vc_column][vc_empty_space][vc_zigzag color=&#8221;chino&#8221; el_border_width=&#8221;15&#8243;][vc_column_text css=&#8221;&#8221;]<\/p>\n<p style=\"text-align: center\"><span style=\"color: #ff0000\"><strong><span style=\"font-size: 36pt\">Tematy kompleksowe<\/span><\/strong><\/span><\/p>\n<p style=\"text-align: center\"><span style=\"font-size: 18pt\">Tematy kompleksowe realizowane w kwietniu:<\/span><\/p>\n<p style=\"text-align: center\"><span style=\"font-size: 18pt\"><strong>Na wsi:<\/strong> dziecko aktywnie uczestniczy w zabawach ruchowych, rozpoznaje i dokonuje podzia\u0142u na zwierz\u0119ta gospodarskie i inne. <\/span><br \/>\n<span style=\"font-size: 18pt\"><strong>Dbamy o \u015brodowisko:<\/strong> dziecko nabywa umiej\u0119tno\u015bci prawid\u0142owego segregowania odpad\u00f3w, dostrzega i kontynuuje rytmy, zdobywa wiadomo\u015bci na temat ekologii.<\/span><br \/>\n<span style=\"font-size: 18pt\"><strong>Ksi\u0105\u017cki i ksi\u0105\u017ceczki:<\/strong> dziecko s\u0142ucha uwa\u017cnie utwor\u00f3w literackich, poszerza wiadomo\u015bci na temat ksi\u0105\u017cek, wsp\u00f3\u0142dzia\u0142a z dzie\u0107mi podczas wsp\u00f3lnej zabawy.<\/span><br \/>\n<span style=\"font-size: 18pt\"><strong>\u015awi\u0119ta majowe:<\/strong> dziecko poznaje symbole narodowe i tre\u015bci patriotyczne, uczestniczy w zabawach umo\u017cliwiaj\u0105cych poznanie prostych zwrot\u00f3w w j\u0119zyku angielskim.<\/span><\/p>\n<p>[\/vc_column_text][\/vc_column][\/vc_row][vc_row][vc_column][vc_empty_space][vc_zigzag color=&#8221;chino&#8221; el_border_width=&#8221;15&#8243;][vc_column_text css=&#8221;&#8221;]<\/p>\n<p style=\"text-align: center\"><span style=\"color: #ff0000\"><strong><span style=\"font-size: 36pt\">\u015alimaki<\/span><\/strong><\/span><\/p>\n<p><img loading=\"lazy\" decoding=\"async\" class=\" wp-image-10050 aligncenter\" src=\"https:\/\/przedszkole49.edu.wroclaw.pl\/wp-content\/uploads\/sites\/33\/2025\/10\/slimaki-gr.2-1024x768.jpg\" alt=\"\" width=\"852\" height=\"639\" srcset=\"https:\/\/przedszkole49.edu.wroclaw.pl\/wp-content\/uploads\/sites\/33\/2025\/10\/slimaki-gr.2-1024x768.jpg 1024w, https:\/\/przedszkole49.edu.wroclaw.pl\/wp-content\/uploads\/sites\/33\/2025\/10\/slimaki-gr.2-768x576.jpg 768w, https:\/\/przedszkole49.edu.wroclaw.pl\/wp-content\/uploads\/sites\/33\/2025\/10\/slimaki-gr.2-1536x1152.jpg 1536w, https:\/\/przedszkole49.edu.wroclaw.pl\/wp-content\/uploads\/sites\/33\/2025\/10\/slimaki-gr.2.jpg 2016w\" sizes=\"auto, (max-width: 852px) 100vw, 852px\" \/>[\/vc_column_text][\/vc_column][\/vc_row][vc_row][vc_column][vc_empty_space][vc_zigzag color=&#8221;chino&#8221; el_border_width=&#8221;15&#8243;][vc_column_text css=&#8221;&#8221;]<\/p>\n<p style=\"text-align: center\"><span style=\"color: #ff0000\"><strong><span style=\"font-size: 36pt\">Program edukacyjny<\/span><\/strong><\/span><\/p>\n<p><img loading=\"lazy\" decoding=\"async\" class=\" wp-image-10032 aligncenter\" src=\"https:\/\/przedszkole49.edu.wroclaw.pl\/wp-content\/uploads\/sites\/33\/2025\/10\/play-with-english-play-in-english-gr.2-724x1024.jpg\" alt=\"\" width=\"511\" height=\"723\" srcset=\"https:\/\/przedszkole49.edu.wroclaw.pl\/wp-content\/uploads\/sites\/33\/2025\/10\/play-with-english-play-in-english-gr.2-724x1024.jpg 724w, https:\/\/przedszkole49.edu.wroclaw.pl\/wp-content\/uploads\/sites\/33\/2025\/10\/play-with-english-play-in-english-gr.2-768x1086.jpg 768w, https:\/\/przedszkole49.edu.wroclaw.pl\/wp-content\/uploads\/sites\/33\/2025\/10\/play-with-english-play-in-english-gr.2.jpg 905w\" sizes=\"auto, (max-width: 511px) 100vw, 511px\" \/>[\/vc_column_text][\/vc_column][\/vc_row][vc_row][vc_column][vc_empty_space][vc_zigzag color=&#8221;chino&#8221; el_border_width=&#8221;15&#8243;][vc_column_text css=&#8221;&#8221;]<\/p>\n<p style=\"text-align: center\"><span style=\"color: #ff0000\"><strong><span style=\"font-size: 36pt\">Programy<\/span><\/strong><\/span><\/p>\n<p style=\"text-align: center\"><span style=\"font-size: 18pt\">Programy oraz projekty realizowane w grupie w roku szkolnym 2025\/2026:<\/span><\/p>\n<p style=\"text-align: center\"><span style=\"font-size: 18pt\"><strong>Program wychowania przedszkolnego:<\/strong>\u00a0\u201eSamodzielnie, wszechstronnie, szcz\u0119\u015bliwie\u201d wydawnictwa Nowe Era.<\/span><\/p>\n<p style=\"text-align: center\"><span style=\"font-size: 18pt\"><strong>Projekty edukacyjne:<\/strong> \u201eSmart Start With English\u201d &#8211; program w\u0142asny oraz \u201ePlay With English, Play in English&#8221;.<\/span><\/p>\n<p>[\/vc_column_text][\/vc_column][\/vc_row][vc_row][vc_column][vc_zigzag color=&#8221;chino&#8221; el_border_width=&#8221;15&#8243;][vc_empty_space][vc_column_text]<\/p>\n<p style=\"text-align: center\"><span style=\"font-size: 24pt\">Drogi Rodzicu, je\u015bli chcia\u0142by\u015b porozmawia\u0107 o swoim dziecku z wychowawc\u0105, pami\u0119taj aby wcze\u015bniej uzgodni\u0107 dogodny termin spotkania. Nauczyciel ch\u0119tnie si\u0119 spotka i odpowie na wszelkie nurtuj\u0105ce pytania.<\/span><\/p>\n<p>[\/vc_column_text][\/vc_column][\/vc_row]<\/p>\n<\/div>","protected":false},"excerpt":{"rendered":"<p>[vc_row][vc_column][vc_column_text css_animation=&#8221;fadeInUp&#8221; css=&#8221;&#8221;] Nauczyciele: Karolina Ziewiec-Kamieniecka, Anna Cebulska, Emil Rogalewicz [\/vc_column_text][vc_column_text css_animation=&#8221;fadeIn&#8221;] Pomoc nauczyciela: Karolina \u017bak [\/vc_column_text][vc_column_text css_animation=&#8221;fadeInDown&#8221; css=&#8221;&#8221;] Obs\u0142uga techniczna: Joanna Chmura [\/vc_column_text][\/vc_column][\/vc_row][vc_row][vc_column width=&#8221;1\/3&#8243;][\/vc_column][vc_column width=&#8221;1\/3&#8243;][vc_progress_bar values=&#8221;%5B%7B%22label%22%3A%22Dziewczynek%20%E2%80%93%2010%22%2C%22value%22%3A%2270%22%2C%22color%22%3A%22custom%22%2C%22customcolor%22%3A%22%23ff6dda%22%7D%2C%7B%22label%22%3A%22Ch%C5%82opc%C3%B3w%20%E2%80%93%205%22%2C%22value%22%3A%2230%22%2C%22color%22%3A%22custom%22%2C%22customcolor%22%3A%22%23ff6dda%22%7D%5D&#8221; css=&#8221;&#8221; title=&#8221;Jest nas [&hellip;]<\/p>\n","protected":false},"author":72,"featured_media":0,"parent":29,"menu_order":0,"comment_status":"closed","ping_status":"closed","template":"","meta":{"ngg_post_thumbnail":0,"footnotes":""},"class_list":["post-33","page","type-page","status-publish","hentry","clearfix"],"_links":{"self":[{"href":"https:\/\/przedszkole49.edu.wroclaw.pl\/index.php\/wp-json\/wp\/v2\/pages\/33","targetHints":{"allow":["GET"]}}],"collection":[{"href":"https:\/\/przedszkole49.edu.wroclaw.pl\/index.php\/wp-json\/wp\/v2\/pages"}],"about":[{"href":"https:\/\/przedszkole49.edu.wroclaw.pl\/index.php\/wp-json\/wp\/v2\/types\/page"}],"author":[{"embeddable":true,"href":"https:\/\/przedszkole49.edu.wroclaw.pl\/index.php\/wp-json\/wp\/v2\/users\/72"}],"replies":[{"embeddable":true,"href":"https:\/\/przedszkole49.edu.wroclaw.pl\/index.php\/wp-json\/wp\/v2\/comments?post=33"}],"version-history":[{"count":238,"href":"https:\/\/przedszkole49.edu.wroclaw.pl\/index.php\/wp-json\/wp\/v2\/pages\/33\/revisions"}],"predecessor-version":[{"id":10413,"href":"https:\/\/przedszkole49.edu.wroclaw.pl\/index.php\/wp-json\/wp\/v2\/pages\/33\/revisions\/10413"}],"up":[{"embeddable":true,"href":"https:\/\/przedszkole49.edu.wroclaw.pl\/index.php\/wp-json\/wp\/v2\/pages\/29"}],"wp:attachment":[{"href":"https:\/\/przedszkole49.edu.wroclaw.pl\/index.php\/wp-json\/wp\/v2\/media?parent=33"}],"curies":[{"name":"wp","href":"https:\/\/api.w.org\/{rel}","templated":true}]}}