
{"id":3308,"date":"2020-08-28T11:03:08","date_gmt":"2020-08-28T09:03:08","guid":{"rendered":"https:\/\/przedszkole49.edu.wroclaw.pl\/?page_id=3308"},"modified":"2025-08-24T10:42:54","modified_gmt":"2025-08-24T08:42:54","slug":"sprawy-intendenta","status":"publish","type":"page","link":"https:\/\/przedszkole49.edu.wroclaw.pl\/index.php\/aktualnosci\/sprawy-intendenta\/","title":{"rendered":"Sprawy Intendenta"},"content":{"rendered":"<div class=\"wpb-content-wrapper\"><p>[vc_row][vc_column][vc_column_text css=&#8221;&#8221;]<a href=\"https:\/\/przedszkole49.edu.wroclaw.pl\/wp-content\/uploads\/sites\/33\/2025\/08\/wniosek-dla-rodzin-wielodzietnych-2025-2026.pdf\"><span style=\"font-size: 18pt\">Wniosek dla rodzin wielodzietnych<\/span><\/a> <span style=\"font-size: 24pt\">\u21d2 <span style=\"font-size: 18pt\">do wniosku nale\u017cy do\u0142\u0105czy\u0107 kopi\u0119 aktu urodzenia.<\/span><\/span>[\/vc_column_text][\/vc_column][\/vc_row]<\/p>\n<\/div>","protected":false},"excerpt":{"rendered":"<p>[vc_row][vc_column][vc_column_text css=&#8221;&#8221;]Wniosek dla rodzin wielodzietnych \u21d2 do wniosku nale\u017cy do\u0142\u0105czy\u0107 kopi\u0119 aktu urodzenia.[\/vc_column_text][\/vc_column][\/vc_row]<\/p>\n","protected":false},"author":72,"featured_media":0,"parent":105,"menu_order":0,"comment_status":"closed","ping_status":"closed","template":"","meta":{"ngg_post_thumbnail":0,"footnotes":""},"class_list":["post-3308","page","type-page","status-publish","hentry","clearfix"],"_links":{"self":[{"href":"https:\/\/przedszkole49.edu.wroclaw.pl\/index.php\/wp-json\/wp\/v2\/pages\/3308","targetHints":{"allow":["GET"]}}],"collection":[{"href":"https:\/\/przedszkole49.edu.wroclaw.pl\/index.php\/wp-json\/wp\/v2\/pages"}],"about":[{"href":"https:\/\/przedszkole49.edu.wroclaw.pl\/index.php\/wp-json\/wp\/v2\/types\/page"}],"author":[{"embeddable":true,"href":"https:\/\/przedszkole49.edu.wroclaw.pl\/index.php\/wp-json\/wp\/v2\/users\/72"}],"replies":[{"embeddable":true,"href":"https:\/\/przedszkole49.edu.wroclaw.pl\/index.php\/wp-json\/wp\/v2\/comments?post=3308"}],"version-history":[{"count":16,"href":"https:\/\/przedszkole49.edu.wroclaw.pl\/index.php\/wp-json\/wp\/v2\/pages\/3308\/revisions"}],"predecessor-version":[{"id":9933,"href":"https:\/\/przedszkole49.edu.wroclaw.pl\/index.php\/wp-json\/wp\/v2\/pages\/3308\/revisions\/9933"}],"up":[{"embeddable":true,"href":"https:\/\/przedszkole49.edu.wroclaw.pl\/index.php\/wp-json\/wp\/v2\/pages\/105"}],"wp:attachment":[{"href":"https:\/\/przedszkole49.edu.wroclaw.pl\/index.php\/wp-json\/wp\/v2\/media?parent=3308"}],"curies":[{"name":"wp","href":"https:\/\/api.w.org\/{rel}","templated":true}]}}