
{"id":35,"date":"2017-10-05T12:02:13","date_gmt":"2017-10-05T10:02:13","guid":{"rendered":"https:\/\/przedszkole49.edu.wroclaw.pl\/?page_id=35"},"modified":"2026-04-02T10:52:51","modified_gmt":"2026-04-02T08:52:51","slug":"grupa-3","status":"publish","type":"page","link":"https:\/\/przedszkole49.edu.wroclaw.pl\/index.php\/grupy\/grupa-3\/","title":{"rendered":"Grupa 3"},"content":{"rendered":"<div class=\"wpb-content-wrapper\"><p>[vc_row][vc_column][vc_column_text css_animation=&#8221;bounceInDown&#8221; css=&#8221;&#8221;]<\/p>\n<p style=\"text-align: center\"><span style=\"color: #0000ff;font-size: 18pt\">Nauczyciele: Marta Kulawiak, Katarzyna Ponarska<br \/>\n<\/span><\/p>\n<p>[\/vc_column_text][vc_column_text css_animation=&#8221;bounceInUp&#8221; css=&#8221;&#8221;]<\/p>\n<p style=\"text-align: center\"><span style=\"color: #0000ff;font-size: 18pt\">Obs\u0142uga techniczna: Katarzyna Bykowska<br \/>\n<\/span><\/p>\n<p>[\/vc_column_text][\/vc_column][\/vc_row][vc_row][vc_column width=&#8221;1\/3&#8243;][\/vc_column][vc_column width=&#8221;1\/3&#8243;][vc_progress_bar values=&#8221;%5B%7B%22label%22%3A%22Dziewczynek%20%E2%80%93%207%22%2C%22value%22%3A%2240%22%2C%22color%22%3A%22custom%22%2C%22customcolor%22%3A%22%235ea1e5%22%7D%2C%7B%22label%22%3A%22Ch%C5%82opc%C3%B3w%20%E2%80%93%2011%22%2C%22value%22%3A%2260%22%2C%22color%22%3A%22custom%22%2C%22customcolor%22%3A%22%235ea1e5%22%7D%5D&#8221; css=&#8221;&#8221; title=&#8221;Jest nas \u2013 18&#8243;][\/vc_column][vc_column width=&#8221;1\/3&#8243;][\/vc_column][\/vc_row][vc_row][vc_column][vc_empty_space][vc_zigzag color=&#8221;chino&#8221; el_border_width=&#8221;20&#8243;][vc_column_text css=&#8221;&#8221;]<\/p>\n<p style=\"text-align: center\"><span style=\"color: #ff0000\"><strong><span style=\"font-size: 36pt\">Tematy kompleksowe<\/span><\/strong><\/span><\/p>\n<p style=\"text-align: center\"><span style=\"font-size: 18pt\">Tematy kompleksowe realizowane w kwietniu:<\/span><\/p>\n<p style=\"text-align: center\"><span style=\"font-size: 18pt\"><strong>Czas wielkanocny:<\/strong> poznanie tradycji i zwyczaj\u00f3w wielkanocnych, rozwijanie postaw rado\u015bci, \u017cyczliwo\u015bci oraz kszta\u0142towanie poczucia przynale\u017cno\u015bci do kultury i rodziny.<\/span><br \/>\n<span style=\"font-size: 18pt\"><strong>Witaj, Wiosno!:<\/strong> rozwijanie umiej\u0119tno\u015bci obserwowania zmian zachodz\u0105cych w przyrodzie wiosn\u0105 oraz budzenie zainteresowania \u015bwiatem ro\u015blin i zwierz\u0105t.<\/span><br \/>\n<span style=\"font-size: 18pt\"><strong>W deszczu i w s\u0142o\u0144cu:<\/strong> poznanie zjawisk pogodowych, rozwijanie umiej\u0119tno\u015bci obserwacji pogody oraz dostrzeganie jej wp\u0142ywu na codzienne \u017cycie.<\/span><br \/>\n<span style=\"font-size: 18pt\"><strong>Co warto ogl\u0105da\u0107 na ekranie?:<\/strong> kszta\u0142towanie \u015bwiadomego i bezpiecznego korzystania z multimedi\u00f3w oraz rozwijanie umiej\u0119tno\u015bci wyboru warto\u015bciowych form sp\u0119dzania czasu.<\/span><br \/>\n<span style=\"font-size: 18pt\"><strong>Mali odkrywcy:<\/strong> rozwijanie ciekawo\u015bci poznawczej oraz zach\u0119canie do samodzielnego odkrywania \u015bwiata.<\/span><\/p>\n<p>[\/vc_column_text][\/vc_column][\/vc_row][vc_row][vc_column][vc_empty_space][vc_zigzag color=&#8221;chino&#8221; el_border_width=&#8221;20&#8243;][vc_column_text css=&#8221;&#8221;]<\/p>\n<p style=\"text-align: center\"><span style=\"font-size: 36pt;color: #ff0000\"><strong>Wycieczka<\/strong><\/span><\/p>\n<p><img loading=\"lazy\" decoding=\"async\" class=\" wp-image-10326 aligncenter\" src=\"https:\/\/przedszkole49.edu.wroclaw.pl\/wp-content\/uploads\/sites\/33\/2026\/03\/szalony-naukowiec-gr.3-683x1024.png\" alt=\"\" width=\"455\" height=\"683\" srcset=\"https:\/\/przedszkole49.edu.wroclaw.pl\/wp-content\/uploads\/sites\/33\/2026\/03\/szalony-naukowiec-gr.3-683x1024.png 683w, https:\/\/przedszkole49.edu.wroclaw.pl\/wp-content\/uploads\/sites\/33\/2026\/03\/szalony-naukowiec-gr.3-768x1152.png 768w, https:\/\/przedszkole49.edu.wroclaw.pl\/wp-content\/uploads\/sites\/33\/2026\/03\/szalony-naukowiec-gr.3.png 1024w\" sizes=\"auto, (max-width: 455px) 100vw, 455px\" \/>[\/vc_column_text][\/vc_column][\/vc_row][vc_row][vc_column][vc_empty_space][vc_zigzag color=&#8221;chino&#8221; el_border_width=&#8221;20&#8243;][vc_column_text css=&#8221;&#8221;]<\/p>\n<p style=\"text-align: center\"><span style=\"color: #ff0000\"><strong><span style=\"font-size: 36pt\">Zaproszenie<\/span><\/strong><\/span><\/p>\n<p>&nbsp;<\/p>\n<p><img loading=\"lazy\" decoding=\"async\" class=\"size-medium wp-image-10248 aligncenter\" src=\"https:\/\/przedszkole49.edu.wroclaw.pl\/wp-content\/uploads\/sites\/33\/2026\/01\/zaproszenie-na-dzien-babci-i-dziadka-2026-gr.3-1024x683.jpg\" alt=\"\" width=\"1024\" height=\"683\" srcset=\"https:\/\/przedszkole49.edu.wroclaw.pl\/wp-content\/uploads\/sites\/33\/2026\/01\/zaproszenie-na-dzien-babci-i-dziadka-2026-gr.3-1024x683.jpg 1024w, https:\/\/przedszkole49.edu.wroclaw.pl\/wp-content\/uploads\/sites\/33\/2026\/01\/zaproszenie-na-dzien-babci-i-dziadka-2026-gr.3-768x512.jpg 768w, https:\/\/przedszkole49.edu.wroclaw.pl\/wp-content\/uploads\/sites\/33\/2026\/01\/zaproszenie-na-dzien-babci-i-dziadka-2026-gr.3.jpg 1536w\" sizes=\"auto, (max-width: 1024px) 100vw, 1024px\" \/>[\/vc_column_text][\/vc_column][\/vc_row][vc_row][vc_column][vc_empty_space][vc_zigzag color=&#8221;chino&#8221; el_border_width=&#8221;20&#8243;][vc_column_text css=&#8221;&#8221;]<\/p>\n<p style=\"text-align: center\"><span style=\"color: #ff0000\"><strong><span style=\"font-size: 36pt\">Integracyjny WF<\/span><\/strong><\/span><\/p>\n<p style=\"text-align: center\"><span style=\"font-size: 18pt\">Grupa 3 wzi\u0119\u0142a udzia\u0142 w akcji \u201eIntegracyjny WF \u2013 Tajemnica \u015awi\u0105tecznej Fabryki\u201d, zorganizowanej z okazji Mi\u0119dzynarodowego Dnia Os\u00f3b z Niepe\u0142nosprawno\u015bciami.<\/span><\/p>\n<p style=\"text-align: center\"><span style=\"font-size: 18pt\">#IWF2025 #IWFPoland #IWFPoland2025 #IntegracyjnyWF<\/span><\/p>\n<p>[\/vc_column_text][vc_gallery type=&#8221;image_grid&#8221; images=&#8221;10193,10192,10191&#8243; img_size=&#8221;100&#215;100&#8243; css=&#8221;&#8221;][\/vc_column][\/vc_row][vc_row][vc_column][vc_empty_space][vc_zigzag color=&#8221;chino&#8221; el_border_width=&#8221;20&#8243;][vc_column_text css=&#8221;&#8221;]<\/p>\n<p style=\"text-align: center\"><span style=\"color: #ff0000\"><strong><span style=\"font-size: 36pt\">Programy<\/span><\/strong><\/span><\/p>\n<p style=\"text-align: center\"><span style=\"font-size: 18pt\">Programy oraz projekty realizowane w grupie w roku szkolnym 2025\/2026:<\/span><\/p>\n<p style=\"text-align: center\"><span style=\"font-size: 18pt\"><strong>Program wychowania przedszkolnego:<\/strong> \u201eOd ucha do ucha. Rozw\u00f3j, wychowanie, edukacja.\u201d wydawnictwa Nowe Era.<\/span><\/p>\n<p style=\"text-align: center\"><span style=\"font-size: 18pt\"><strong>Projekty edukacyjne:<\/strong> \u201eZdrowo i sportowo&#8221;, &#8222;Wyzwanie Teodora&#8221;, &#8222;czytanie na dywanie&#8221;, &#8222;Super Heros &#8211; j. angielski&#8221;.<\/span><\/p>\n<p>[\/vc_column_text][\/vc_column][\/vc_row][vc_row][vc_column][vc_zigzag color=&#8221;chino&#8221; el_border_width=&#8221;15&#8243;][vc_empty_space][vc_column_text]<\/p>\n<p style=\"text-align: center\"><span style=\"font-size: 24pt\">Drogi Rodzicu, je\u015bli chcia\u0142by\u015b porozmawia\u0107 o swoim dziecku z wychowawc\u0105, pami\u0119taj aby wcze\u015bniej uzgodni\u0107 dogodny termin spotkania. Nauczyciel ch\u0119tnie si\u0119 spotka i odpowie na wszelkie nurtuj\u0105ce pytania.<\/span><\/p>\n<p>[\/vc_column_text][\/vc_column][\/vc_row]<\/p>\n<\/div>","protected":false},"excerpt":{"rendered":"<p>[vc_row][vc_column][vc_column_text css_animation=&#8221;bounceInDown&#8221; css=&#8221;&#8221;] Nauczyciele: Marta Kulawiak, Katarzyna Ponarska [\/vc_column_text][vc_column_text css_animation=&#8221;bounceInUp&#8221; css=&#8221;&#8221;] Obs\u0142uga techniczna: Katarzyna Bykowska [\/vc_column_text][\/vc_column][\/vc_row][vc_row][vc_column width=&#8221;1\/3&#8243;][\/vc_column][vc_column width=&#8221;1\/3&#8243;][vc_progress_bar values=&#8221;%5B%7B%22label%22%3A%22Dziewczynek%20%E2%80%93%207%22%2C%22value%22%3A%2240%22%2C%22color%22%3A%22custom%22%2C%22customcolor%22%3A%22%235ea1e5%22%7D%2C%7B%22label%22%3A%22Ch%C5%82opc%C3%B3w%20%E2%80%93%2011%22%2C%22value%22%3A%2260%22%2C%22color%22%3A%22custom%22%2C%22customcolor%22%3A%22%235ea1e5%22%7D%5D&#8221; css=&#8221;&#8221; title=&#8221;Jest nas \u2013 18&#8243;][\/vc_column][vc_column width=&#8221;1\/3&#8243;][\/vc_column][\/vc_row][vc_row][vc_column][vc_empty_space][vc_zigzag color=&#8221;chino&#8221; el_border_width=&#8221;20&#8243;][vc_column_text css=&#8221;&#8221;] Tematy kompleksowe [&hellip;]<\/p>\n","protected":false},"author":72,"featured_media":0,"parent":29,"menu_order":0,"comment_status":"closed","ping_status":"closed","template":"","meta":{"ngg_post_thumbnail":0,"footnotes":""},"class_list":["post-35","page","type-page","status-publish","hentry","clearfix"],"_links":{"self":[{"href":"https:\/\/przedszkole49.edu.wroclaw.pl\/index.php\/wp-json\/wp\/v2\/pages\/35","targetHints":{"allow":["GET"]}}],"collection":[{"href":"https:\/\/przedszkole49.edu.wroclaw.pl\/index.php\/wp-json\/wp\/v2\/pages"}],"about":[{"href":"https:\/\/przedszkole49.edu.wroclaw.pl\/index.php\/wp-json\/wp\/v2\/types\/page"}],"author":[{"embeddable":true,"href":"https:\/\/przedszkole49.edu.wroclaw.pl\/index.php\/wp-json\/wp\/v2\/users\/72"}],"replies":[{"embeddable":true,"href":"https:\/\/przedszkole49.edu.wroclaw.pl\/index.php\/wp-json\/wp\/v2\/comments?post=35"}],"version-history":[{"count":273,"href":"https:\/\/przedszkole49.edu.wroclaw.pl\/index.php\/wp-json\/wp\/v2\/pages\/35\/revisions"}],"predecessor-version":[{"id":10414,"href":"https:\/\/przedszkole49.edu.wroclaw.pl\/index.php\/wp-json\/wp\/v2\/pages\/35\/revisions\/10414"}],"up":[{"embeddable":true,"href":"https:\/\/przedszkole49.edu.wroclaw.pl\/index.php\/wp-json\/wp\/v2\/pages\/29"}],"wp:attachment":[{"href":"https:\/\/przedszkole49.edu.wroclaw.pl\/index.php\/wp-json\/wp\/v2\/media?parent=35"}],"curies":[{"name":"wp","href":"https:\/\/api.w.org\/{rel}","templated":true}]}}