
{"id":45,"date":"2017-10-05T12:12:32","date_gmt":"2017-10-05T10:12:32","guid":{"rendered":"https:\/\/przedszkole49.edu.wroclaw.pl\/?page_id=45"},"modified":"2026-04-15T10:21:45","modified_gmt":"2026-04-15T08:21:45","slug":"galeria","status":"publish","type":"page","link":"https:\/\/przedszkole49.edu.wroclaw.pl\/index.php\/galeria\/","title":{"rendered":"Galeria"},"content":{"rendered":"<div class=\"wpb-content-wrapper\"><p>[vc_row][vc_column][vc_gallery type=&#8221;image_grid&#8221; images=&#8221;9973,9974,9975,9976,9977,9978,9979,9980,9981,9982,9983,9984,9985,9986,9987,9988,9989&#8243; img_size=&#8221;100&#215;100&#8243; css=&#8221;&#8221; title=&#8221;Nasze przedszkole&#8221;][\/vc_column][\/vc_row][vc_row][vc_column][vc_gallery type=&#8221;image_grid&#8221; images=&#8221;10027,10046,10186,10210,10302,10315,10314,10341,10444&#8243; img_size=&#8221;100&#215;100&#8243; css=&#8221;&#8221; title=&#8221;Dyplomy, podzi\u0119kowania i wyr\u00f3\u017cnienia&#8221;][\/vc_column][\/vc_row][vc_row][vc_column][vc_gallery type=&#8221;image_grid&#8221; images=&#8221;9418,9953,10033,10085,10103,10179&#8243; img_size=&#8221;100&#215;100&#8243; css=&#8221;&#8221; title=&#8221;Projekty w kt\u00f3rych uczestniczymy&#8221;][\/vc_column][\/vc_row][vc_row][vc_column][vc_gallery type=&#8221;image_grid&#8221; images=&#8221;9995,10010,10011,10126,10127,10128,10099,10098,10097,10096,10095,10094,10050,10028,10169,10170,10171,10172,10187,10232,10233,10237,10238,10342,10343,10344,10345&#8243; img_size=&#8221;100&#215;100&#8243; css=&#8221;&#8221; title=&#8221;Uroczysto\u015bci&#8221;][\/vc_column][\/vc_row][vc_row][vc_column][vc_gallery type=&#8221;image_grid&#8221; images=&#8221;9457,9459,9513,9514,9785,9786,9787,9788,9807,9808,9821,9822,9823,9824,10136,10135,10137,10438,10436,10434,10428&#8243; img_size=&#8221;100&#215;100&#8243; css=&#8221;&#8221; title=&#8221;Nasi go\u015bcie&#8221;][\/vc_column][\/vc_row][vc_row][vc_column][vc_gallery type=&#8221;image_grid&#8221; images=&#8221;10081,10080,10079,10078,10029,10013&#8243; img_size=&#8221;100&#215;100&#8243; css=&#8221;&#8221; title=&#8221;Wycieczki&#8221;][\/vc_column][\/vc_row]<\/p>\n<\/div>","protected":false},"excerpt":{"rendered":"<p>[vc_row][vc_column][vc_gallery type=&#8221;image_grid&#8221; images=&#8221;9973,9974,9975,9976,9977,9978,9979,9980,9981,9982,9983,9984,9985,9986,9987,9988,9989&#8243; img_size=&#8221;100&#215;100&#8243; css=&#8221;&#8221; title=&#8221;Nasze przedszkole&#8221;][\/vc_column][\/vc_row][vc_row][vc_column][vc_gallery type=&#8221;image_grid&#8221; images=&#8221;10027,10046,10186,10210,10302,10315,10314,10341,10444&#8243; img_size=&#8221;100&#215;100&#8243; css=&#8221;&#8221; title=&#8221;Dyplomy, podzi\u0119kowania i wyr\u00f3\u017cnienia&#8221;][\/vc_column][\/vc_row][vc_row][vc_column][vc_gallery type=&#8221;image_grid&#8221; images=&#8221;9418,9953,10033,10085,10103,10179&#8243; img_size=&#8221;100&#215;100&#8243; css=&#8221;&#8221; title=&#8221;Projekty w kt\u00f3rych uczestniczymy&#8221;][\/vc_column][\/vc_row][vc_row][vc_column][vc_gallery type=&#8221;image_grid&#8221; images=&#8221;9995,10010,10011,10126,10127,10128,10099,10098,10097,10096,10095,10094,10050,10028,10169,10170,10171,10172,10187,10232,10233,10237,10238,10342,10343,10344,10345&#8243; img_size=&#8221;100&#215;100&#8243; css=&#8221;&#8221; title=&#8221;Uroczysto\u015bci&#8221;][\/vc_column][\/vc_row][vc_row][vc_column][vc_gallery type=&#8221;image_grid&#8221; images=&#8221;9457,9459,9513,9514,9785,9786,9787,9788,9807,9808,9821,9822,9823,9824,10136,10135,10137,10438,10436,10434,10428&#8243; [&hellip;]<\/p>\n","protected":false},"author":72,"featured_media":0,"parent":0,"menu_order":0,"comment_status":"closed","ping_status":"closed","template":"","meta":{"ngg_post_thumbnail":0,"footnotes":""},"class_list":["post-45","page","type-page","status-publish","hentry","clearfix"],"_links":{"self":[{"href":"https:\/\/przedszkole49.edu.wroclaw.pl\/index.php\/wp-json\/wp\/v2\/pages\/45","targetHints":{"allow":["GET"]}}],"collection":[{"href":"https:\/\/przedszkole49.edu.wroclaw.pl\/index.php\/wp-json\/wp\/v2\/pages"}],"about":[{"href":"https:\/\/przedszkole49.edu.wroclaw.pl\/index.php\/wp-json\/wp\/v2\/types\/page"}],"author":[{"embeddable":true,"href":"https:\/\/przedszkole49.edu.wroclaw.pl\/index.php\/wp-json\/wp\/v2\/users\/72"}],"replies":[{"embeddable":true,"href":"https:\/\/przedszkole49.edu.wroclaw.pl\/index.php\/wp-json\/wp\/v2\/comments?post=45"}],"version-history":[{"count":52,"href":"https:\/\/przedszkole49.edu.wroclaw.pl\/index.php\/wp-json\/wp\/v2\/pages\/45\/revisions"}],"predecessor-version":[{"id":10447,"href":"https:\/\/przedszkole49.edu.wroclaw.pl\/index.php\/wp-json\/wp\/v2\/pages\/45\/revisions\/10447"}],"wp:attachment":[{"href":"https:\/\/przedszkole49.edu.wroclaw.pl\/index.php\/wp-json\/wp\/v2\/media?parent=45"}],"curies":[{"name":"wp","href":"https:\/\/api.w.org\/{rel}","templated":true}]}}