
{"id":7913,"date":"2022-09-05T08:22:32","date_gmt":"2022-09-05T06:22:32","guid":{"rendered":"https:\/\/przedszkole49.edu.wroclaw.pl\/?page_id=7913"},"modified":"2025-09-23T11:31:33","modified_gmt":"2025-09-23T09:31:33","slug":"pedagog-specjalny","status":"publish","type":"page","link":"https:\/\/przedszkole49.edu.wroclaw.pl\/index.php\/specjalisci\/pedagog-specjalny\/","title":{"rendered":"Pedagog specjalny"},"content":{"rendered":"<div class=\"wpb-content-wrapper\"><p>[vc_row][vc_column][vc_column_text css=&#8221;&#8221;]<\/p>\n<p style=\"text-align: center\"><span style=\"font-size: 36pt;color: #ff0000\"><strong>Pomoc psychologiczno-pedagogiczna<\/strong><\/span><\/p>\n<p><span style=\"font-size: 14pt\"><strong>mgr Aleksandra Kuliczkowska-Tu\u0142a<\/strong><\/span><\/p>\n<p><span style=\"font-size: 14pt\"><strong>Pedagog specjalny<\/strong><\/span><\/p>\n<p><span style=\"font-size: 14pt\">Wtorek: 9:00 \u2013 15:00<\/span><br \/>\n<span style=\"font-size: 14pt\">Pi\u0105tek: 8:00 \u2013 15:30<\/span><\/p>\n<p><span style=\"font-size: 14pt\">Do zada\u0144 pedagoga specjalnego nale\u017cy:<\/span><br \/>\n<span style=\"font-size: 14pt\">&#8211; wsp\u00f3\u0142praca z nauczycielami, wychowawcami grup i rodzicami w zakresie prowadzenia bada\u0144 i dzia\u0142a\u0144 diagnostycznych zwi\u0105zanych z rozpoznawaniem indywidualnych potrzeb rozwojowych, edukacyjnych oraz mo\u017cliwo\u015bci psychofizycznych dzieci;<\/span><br \/>\n<span style=\"font-size: 14pt\">&#8211; rozwi\u0105zywanie problem\u00f3w edukacyjnych i wychowawczych dzieci;<\/span><br \/>\n<span style=\"font-size: 14pt\">&#8211; pomoc w okre\u015blaniu mocnych stron dziecka, jego predyspozycji i zainteresowa\u0144, rozpoznawanie przyczyn niepowodze\u0144 i trudno\u015bci w funkcjonowaniu dzieci w przedszkolu;<\/span><br \/>\n<span style=\"font-size: 14pt\">&#8211; wsp\u00f3\u0142praca z zespo\u0142em specjalist\u00f3w w zakresie opracowania i realizacji indywidualnego programu edukacyjno- terapeutycznego dla dziecka z orzeczeniem o potrzebie kszta\u0142cenia specjalnego;<\/span><br \/>\n<span style=\"font-size: 14pt\">&#8211; udzielanie pomocy psychologiczno- pedagogicznej dzieciom, rodzicom dzieci i nauczycielom, w tym prowadzenie terapii pedagogicznych o charakterze rewalidacyjnym w zakresie terapii r\u0119ki oraz Treningu Umiej\u0119tno\u015bci Spo\u0142ecznych,<\/span><br \/>\n<span style=\"font-size: 14pt\">&#8211; wsp\u00f3\u0142praca z podmiotami i instytucjami dzia\u0142aj\u0105cymi na rzecz dziecka i rodziny.<\/span><\/p>\n<p><span style=\"text-decoration: underline;font-size: 14pt\">W ramach konsultacji zapraszam do kontaktu telefonicznego po uprzednim uzgodnieniu terminu za po\u015brednictwem nauczyciela.<\/span>[\/vc_column_text][\/vc_column][\/vc_row]<\/p>\n<\/div>","protected":false},"excerpt":{"rendered":"<p>[vc_row][vc_column][vc_column_text css=&#8221;&#8221;] Pomoc psychologiczno-pedagogiczna mgr Aleksandra Kuliczkowska-Tu\u0142a Pedagog specjalny Wtorek: 9:00 \u2013 15:00 Pi\u0105tek: 8:00 \u2013 15:30 Do zada\u0144 pedagoga specjalnego nale\u017cy: &#8211; wsp\u00f3\u0142praca z nauczycielami, wychowawcami grup i rodzicami [&hellip;]<\/p>\n","protected":false},"author":72,"featured_media":0,"parent":2754,"menu_order":0,"comment_status":"closed","ping_status":"closed","template":"","meta":{"ngg_post_thumbnail":0,"footnotes":""},"class_list":["post-7913","page","type-page","status-publish","hentry","clearfix"],"_links":{"self":[{"href":"https:\/\/przedszkole49.edu.wroclaw.pl\/index.php\/wp-json\/wp\/v2\/pages\/7913","targetHints":{"allow":["GET"]}}],"collection":[{"href":"https:\/\/przedszkole49.edu.wroclaw.pl\/index.php\/wp-json\/wp\/v2\/pages"}],"about":[{"href":"https:\/\/przedszkole49.edu.wroclaw.pl\/index.php\/wp-json\/wp\/v2\/types\/page"}],"author":[{"embeddable":true,"href":"https:\/\/przedszkole49.edu.wroclaw.pl\/index.php\/wp-json\/wp\/v2\/users\/72"}],"replies":[{"embeddable":true,"href":"https:\/\/przedszkole49.edu.wroclaw.pl\/index.php\/wp-json\/wp\/v2\/comments?post=7913"}],"version-history":[{"count":5,"href":"https:\/\/przedszkole49.edu.wroclaw.pl\/index.php\/wp-json\/wp\/v2\/pages\/7913\/revisions"}],"predecessor-version":[{"id":10007,"href":"https:\/\/przedszkole49.edu.wroclaw.pl\/index.php\/wp-json\/wp\/v2\/pages\/7913\/revisions\/10007"}],"up":[{"embeddable":true,"href":"https:\/\/przedszkole49.edu.wroclaw.pl\/index.php\/wp-json\/wp\/v2\/pages\/2754"}],"wp:attachment":[{"href":"https:\/\/przedszkole49.edu.wroclaw.pl\/index.php\/wp-json\/wp\/v2\/media?parent=7913"}],"curies":[{"name":"wp","href":"https:\/\/api.w.org\/{rel}","templated":true}]}}